{"id":17,"date":"2022-12-02T12:44:41","date_gmt":"2022-12-02T11:44:41","guid":{"rendered":"http:\/\/fabryczna.mieszkania.link\/?page_id=17"},"modified":"2022-12-02T18:42:38","modified_gmt":"2022-12-02T17:42:38","slug":"strona-glowna","status":"publish","type":"page","link":"https:\/\/fabryczna.mieszkania.link\/","title":{"rendered":"Lokalizacja"},"content":{"rendered":"\n<div class=\"wp-block-columns is-layout-flex wp-container-core-columns-is-layout-9d6595d7 wp-block-columns-is-layout-flex\">\n<div class=\"wp-block-column is-layout-flow wp-block-column-is-layout-flow\">\n<figure class=\"wp-block-image size-large\"><img loading=\"lazy\" decoding=\"async\" width=\"1024\" height=\"683\" src=\"http:\/\/fabryczna.mieszkania.link\/wp-content\/uploads\/2022\/12\/IMG_0407-1024x683.jpg\" alt=\"\" class=\"wp-image-49\" srcset=\"https:\/\/fabryczna.mieszkania.link\/wp-content\/uploads\/2022\/12\/IMG_0407-1024x683.jpg 1024w, https:\/\/fabryczna.mieszkania.link\/wp-content\/uploads\/2022\/12\/IMG_0407-300x200.jpg 300w, https:\/\/fabryczna.mieszkania.link\/wp-content\/uploads\/2022\/12\/IMG_0407-768x512.jpg 768w, https:\/\/fabryczna.mieszkania.link\/wp-content\/uploads\/2022\/12\/IMG_0407-1536x1024.jpg 1536w, https:\/\/fabryczna.mieszkania.link\/wp-content\/uploads\/2022\/12\/IMG_0407-2048x1365.jpg 2048w\" sizes=\"auto, (max-width: 767px) 89vw, (max-width: 1000px) 54vw, (max-width: 1071px) 543px, 580px\" \/><\/figure>\n<\/div>\n\n\n\n<div class=\"wp-block-column is-layout-flow wp-block-column-is-layout-flow\">\n<figure class=\"wp-block-image size-large\"><img loading=\"lazy\" decoding=\"async\" width=\"1024\" height=\"683\" src=\"http:\/\/fabryczna.mieszkania.link\/wp-content\/uploads\/2022\/12\/IMG_0406-1024x683.jpg\" alt=\"\" class=\"wp-image-48\" srcset=\"https:\/\/fabryczna.mieszkania.link\/wp-content\/uploads\/2022\/12\/IMG_0406-1024x683.jpg 1024w, https:\/\/fabryczna.mieszkania.link\/wp-content\/uploads\/2022\/12\/IMG_0406-300x200.jpg 300w, https:\/\/fabryczna.mieszkania.link\/wp-content\/uploads\/2022\/12\/IMG_0406-768x512.jpg 768w, https:\/\/fabryczna.mieszkania.link\/wp-content\/uploads\/2022\/12\/IMG_0406-1536x1024.jpg 1536w, https:\/\/fabryczna.mieszkania.link\/wp-content\/uploads\/2022\/12\/IMG_0406-2048x1365.jpg 2048w\" sizes=\"auto, (max-width: 767px) 89vw, (max-width: 1000px) 54vw, (max-width: 1071px) 543px, 580px\" \/><\/figure>\n<\/div>\n<\/div>\n\n\n\n<div class=\"wp-block-columns is-layout-flex wp-container-core-columns-is-layout-9d6595d7 wp-block-columns-is-layout-flex\">\n<div class=\"wp-block-column is-layout-flow wp-block-column-is-layout-flow\" style=\"flex-basis:33.33%\">\n<figure class=\"wp-block-image size-large\"><a href=\"http:\/\/fabryczna.mieszkania.link\/wp-content\/uploads\/2022\/12\/image_2022-12-02_161502728-1536x1019.png\" target=\"_blank\" rel=\"noreferrer noopener\"><img loading=\"lazy\" decoding=\"async\" width=\"1024\" height=\"680\" src=\"http:\/\/fabryczna.mieszkania.link\/wp-content\/uploads\/2022\/12\/image_2022-12-02_161502728-1024x680.png\" alt=\"\" class=\"wp-image-60\" srcset=\"https:\/\/fabryczna.mieszkania.link\/wp-content\/uploads\/2022\/12\/image_2022-12-02_161502728-1024x680.png 1024w, https:\/\/fabryczna.mieszkania.link\/wp-content\/uploads\/2022\/12\/image_2022-12-02_161502728-300x199.png 300w, https:\/\/fabryczna.mieszkania.link\/wp-content\/uploads\/2022\/12\/image_2022-12-02_161502728-768x510.png 768w, https:\/\/fabryczna.mieszkania.link\/wp-content\/uploads\/2022\/12\/image_2022-12-02_161502728-1536x1019.png 1536w, https:\/\/fabryczna.mieszkania.link\/wp-content\/uploads\/2022\/12\/image_2022-12-02_161502728-2048x1359.png 2048w\" sizes=\"auto, (max-width: 767px) 89vw, (max-width: 1000px) 54vw, (max-width: 1071px) 543px, 580px\" \/><\/a><\/figure>\n<\/div>\n\n\n\n<div class=\"wp-block-column is-layout-flow wp-block-column-is-layout-flow\" style=\"flex-basis:66.66%\">\n<p>Lokal u\u017cytkowy na rogu ulic Fabrycznej i Jana Paw\u0142a II<br>W bezpo\u015brednim s\u0105siedztwie miejsca parkingowe, przystanki komunikacji miejskiej, sklepy, us\u0142ugi.<br>Lokal o powierzchni 50m<sup>2<\/sup> znajduje si\u0119 na parterze budynku mieszkalnego z samodzielnym i bezpo\u015brednim wej\u015bciem z ulicy Fabrycznej<\/p>\n<\/div>\n<\/div>\n","protected":false},"excerpt":{"rendered":"<p>Lokal u\u017cytkowy na rogu ulic Fabrycznej i Jana Paw\u0142a IIW bezpo\u015brednim s\u0105siedztwie miejsca parkingowe, przystanki komunikacji miejskiej, sklepy, us\u0142ugi.Lokal o powierzchni 50m2 znajduje si\u0119 na parterze budynku mieszkalnego z samodzielnym i bezpo\u015brednim wej\u015bciem z ulicy Fabrycznej<\/p>\n","protected":false},"author":1,"featured_media":0,"parent":0,"menu_order":0,"comment_status":"closed","ping_status":"closed","template":"","meta":{"footnotes":""},"class_list":["post-17","page","type-page","status-publish","hentry"],"_links":{"self":[{"href":"https:\/\/fabryczna.mieszkania.link\/index.php\/wp-json\/wp\/v2\/pages\/17","targetHints":{"allow":["GET"]}}],"collection":[{"href":"https:\/\/fabryczna.mieszkania.link\/index.php\/wp-json\/wp\/v2\/pages"}],"about":[{"href":"https:\/\/fabryczna.mieszkania.link\/index.php\/wp-json\/wp\/v2\/types\/page"}],"author":[{"embeddable":true,"href":"https:\/\/fabryczna.mieszkania.link\/index.php\/wp-json\/wp\/v2\/users\/1"}],"replies":[{"embeddable":true,"href":"https:\/\/fabryczna.mieszkania.link\/index.php\/wp-json\/wp\/v2\/comments?post=17"}],"version-history":[{"count":8,"href":"https:\/\/fabryczna.mieszkania.link\/index.php\/wp-json\/wp\/v2\/pages\/17\/revisions"}],"predecessor-version":[{"id":77,"href":"https:\/\/fabryczna.mieszkania.link\/index.php\/wp-json\/wp\/v2\/pages\/17\/revisions\/77"}],"wp:attachment":[{"href":"https:\/\/fabryczna.mieszkania.link\/index.php\/wp-json\/wp\/v2\/media?parent=17"}],"curies":[{"name":"wp","href":"https:\/\/api.w.org\/{rel}","templated":true}]}}